{"id":2180,"date":"2022-01-21T09:23:56","date_gmt":"2022-01-21T08:23:56","guid":{"rendered":"https:\/\/gfk-cfs.de\/?page_id=2180"},"modified":"2025-02-12T23:52:44","modified_gmt":"2025-02-12T22:52:44","slug":"privacy-policy","status":"publish","type":"page","link":"https:\/\/gfk-cfs.de\/en\/privacy-policy\/","title":{"rendered":"privacy policy"},"content":{"rendered":"<p><div class=\"fusion-fullwidth fullwidth-box fusion-builder-row-1 fusion-flex-container fusion-parallax-fixed nonhundred-percent-fullwidth non-hundred-percent-height-scrolling fusion-animated fusion-custom-z-index\" style=\"--awb-background-position:center top;--awb-border-radius-top-left:0px;--awb-border-radius-top-right:0px;--awb-border-radius-bottom-right:0px;--awb-border-radius-bottom-left:0px;--awb-z-index:1;--awb-min-height:500px;--awb-min-height-medium:200px;--awb-min-height-small:150px;--awb-background-image:url(&quot;https:\/\/gfk-cfs.de\/media\/bg_publikationen.svg&quot;);--awb-background-size:cover;--awb-flex-wrap:wrap;background-attachment:fixed;\" data-animationType=\"fadeIn\" data-animationDuration=\"0.8\" data-animationOffset=\"top-into-view\" ><div class=\"fusion-builder-row fusion-row fusion-flex-align-items-flex-start fusion-flex-content-wrap\" style=\"max-width:1352px;margin-left: calc(-4% \/ 2 );margin-right: calc(-4% \/ 2 );\"><div class=\"fusion-layout-column fusion_builder_column fusion-builder-column-0 fusion_builder_column_1_1 1_1 fusion-flex-column\" style=\"--awb-bg-size:cover;--awb-width-large:100%;--awb-margin-top-large:0px;--awb-spacing-right-large:1.92%;--awb-margin-bottom-large:20px;--awb-spacing-left-large:1.92%;--awb-width-medium:100%;--awb-order-medium:0;--awb-spacing-right-medium:1.92%;--awb-spacing-left-medium:1.92%;--awb-width-small:100%;--awb-order-small:0;--awb-spacing-right-small:1.92%;--awb-spacing-left-small:1.92%;\"><div class=\"fusion-column-wrapper fusion-column-has-shadow fusion-flex-justify-content-flex-start fusion-content-layout-column\"><\/div><\/div><\/div><\/div><div class=\"fusion-fullwidth fullwidth-box fusion-builder-row-2 fusion-flex-container nonhundred-percent-fullwidth non-hundred-percent-height-scrolling\" style=\"--awb-border-radius-top-left:0px;--awb-border-radius-top-right:0px;--awb-border-radius-bottom-right:0px;--awb-border-radius-bottom-left:0px;--awb-padding-right-medium:0px;--awb-padding-left-medium:0px;--awb-padding-right-small:5px;--awb-padding-left-small:5px;--awb-flex-wrap:wrap;\" ><div class=\"fusion-builder-row fusion-row fusion-flex-align-items-flex-start fusion-flex-content-wrap\" style=\"max-width:1352px;margin-left: calc(-4% \/ 2 );margin-right: calc(-4% \/ 2 );\"><div class=\"fusion-layout-column fusion_builder_column fusion-builder-column-1 fusion_builder_column_1_1 1_1 fusion-flex-column\" style=\"--awb-padding-top:40px;--awb-padding-right:20px;--awb-padding-left:20px;--awb-padding-top-small:20px;--awb-padding-right-small:15px;--awb-padding-left-small:15px;--awb-bg-color:#ffffff;--awb-bg-color-hover:#ffffff;--awb-bg-size:cover;--awb-width-large:100%;--awb-margin-top-large:-300px;--awb-spacing-right-large:0px;--awb-margin-bottom-large:20px;--awb-spacing-left-large:1.92%;--awb-width-medium:100%;--awb-order-medium:0;--awb-margin-top-medium:0;--awb-spacing-right-medium:1.92%;--awb-spacing-left-medium:1.92%;--awb-width-small:100%;--awb-order-small:0;--awb-spacing-right-small:1.92%;--awb-spacing-left-small:1.92%;\"><div class=\"fusion-column-wrapper fusion-column-has-shadow fusion-flex-justify-content-flex-start fusion-content-layout-column\"><div class=\"fusion-title title fusion-title-1 fusion-sep-none fusion-title-text fusion-title-size-two fusion-animated\" style=\"--awb-text-color:var(--awb-color8);--awb-margin-top:0px;--awb-margin-bottom:0px;--awb-margin-bottom-small:25px;--awb-font-size:36px;\" data-animationType=\"fadeIn\" data-animationDuration=\"0.8\" data-animationOffset=\"top-into-view\"><h2 class=\"fusion-title-heading title-heading-left fusion-responsive-typography-calculated\" style=\"font-family:&quot;IBM Plex Sans&quot;;font-style:normal;font-weight:700;margin:0;font-size:1em;--fontSize:36;line-height:1.2;\">Data Protection<\/h2><\/div><div class=\"fusion-text fusion-text-1 fusion-animated\" style=\"--awb-text-transform:none;\" data-animationType=\"fadeIn\" data-animationDuration=\"0.8\" data-animationOffset=\"top-into-view\"><p><em><br \/>\n11.02.2025<\/em><\/p>\n<h3>Verantwortliche Stelle<\/h3>\n<p>Gesellschaft f\u00fcr Kapitalmarktforschung e.V. (GfK) f\u00fcr das Center for Financial Studies<br \/>\nHouse of Finance<br \/>\nTheodor-W.-Adorno-Platz 3<br \/>\n60323 Frankfurt am Main<br \/>\nTel: +49 (0)69 798 30050<\/p>\n<h3>Verarbeitung personenbezogener Daten<\/h3>\n<p>Wenn Sie unsere Webseite aufrufen, ohne sich dabei zu registrieren (&#8220;Informatorische Nutzung&#8221;) erheben wir nur diejenigen personenbezogenen Daten, die Ihr Webbrowser an unseren Server \u00fcbermittelt. Wenn Sie unsere Webseite betrachten, erheben wir die folgenden Daten, die f\u00fcr uns technisch erforderlich sind, um Ihnen die Anzeige unserer Webseite zu erm\u00f6glichen und die Stabilit\u00e4t und Sicherheit zu gew\u00e4hrleisten:<\/p>\n<ul>\n<li>IP-Adresse<\/li>\n<li>Datum und Uhrzeit der Anfrage<\/li>\n<li>Zeitzonendifferenz zu GMT<\/li>\n<li>Inhalt der Webseite<\/li>\n<li>Zugriffsstatus (HTTP-Status)<\/li>\n<li>\u00fcbertragene Datenmenge<\/li>\n<li>Website, von der Sie auf unsere Website gelangt sind<\/li>\n<li>Webbrowser<\/li>\n<li>Betriebssystem<\/li>\n<li>Sprache und Version des Browsers<\/li>\n<\/ul>\n<p>Die vorgenannten Daten werden in sog. Logfiles auf unseren Servern gespeichert. Eine Speicherung dieser Daten zusammen mit anderen personenbezogenen Daten von Ihnen findet nicht statt. Die Erhebung und vor\u00fcbergehende Speicherung der IP-Adresse ist notwendig, um die Darstellung unserer Webseite auf Ihrem Endger\u00e4t zu erm\u00f6glichen. Hierf\u00fcr muss Ihre IP-Adresse f\u00fcr die Dauer des Besuchs unserer Webseite gespeichert werden. Die Speicherung in Logfiles dient der Sicherstellung der Funktionsf\u00e4higkeit und Optimierung unserer Webseite sowie zur Sicherstellung der Sicherheit unserer informationstechnischen Systeme. Eine Auswertung dieser Daten zu Marketingzwecken findet nicht statt.<\/p>\n<p>In den vorstehenden Zwecken liegt unser berechtigtes Interesse an der Datenverarbeitung. Die vorstehenden Daten zur Bereitstellung unserer Website werden gel\u00f6scht, wenn die jeweilige Sitzung beendet ist. Die Erhebung der vorstehenden Daten zur Bereitstellung unserer Webseite und die Speicherung dieser Daten in Logfiles ist f\u00fcr den Betrieb unserer Website zwingend erforderlich. Es besteht keine Widerspruchsm\u00f6glichkeit.<\/p>\n<h3>Anmeldung f\u00fcr Veranstaltungen, CFS-Index und News<\/h3>\n<p>Auf unserer Webseite k\u00f6nnen Sie sich registrieren, um sich f\u00fcr unsere Veranstaltungen anzumelden, an unserer viertelj\u00e4hrlichen Umfrage zum Finanzplatz (\u201eCFS-Index\u201c) teilzunehmen und sonstige Informationen zum CFS (\u201eNews\u201c) zu erhalten Bei der Anmeldung werden die von Ihnen in die Eingabemaske eingegebenen Daten an uns \u00fcbermittelt. Dabei m\u00fcssen Sie von uns folgende abgefragte Pflichtdaten angeben:<\/p>\n<ul>\n<li>Anrede<\/li>\n<li>Vorname<\/li>\n<li>Name<\/li>\n<li>E-Mail-Adresse<\/li>\n<li>Institution<\/li>\n<li>Position<\/li>\n<li>Berufsfeld<\/li>\n<li>Postleitzahl<\/li>\n<li>Land<\/li>\n<\/ul>\n<p>Soweit Sie weitere personenbezogene Daten bei der Anmeldung angeben, ist die Angabe freiwillig.<\/p>\n<p>F\u00fcr die Anmeldung auf unserer Webseite speichern wir jeweils Ihre IP-Adresse und den Zeitpunkt der Anmeldung auf unserer Webseite sowie den Zeitpunkt der Best\u00e4tigung. Es erfolgt keine Weitergabe der Daten an Dritte.<\/p>\n<p>Der CFS-Index wird viertelj\u00e4hrlich erhoben und besteht aus zwei Teilen. Zum einen werden die Urteile und Erwartungen von Akteuren des Finanzstandortes Deutschland erfragt, um die jeweils aktuelle Stimmungslage zu Entwicklungschancen und -risiken des Finanzplatzes und deren Ver\u00e4nderung im Zeitverlauf zu erfassen. Teilnehmen k\u00f6nnen Fach- und F\u00fchrungskr\u00e4fte aus dem Finanzsektor, von akademischen Institutionen sowie Medienvertreter. Zum anderen werden bei jeder Umfrage Sonderfragen zu einem aktuellen finanzwirtschaftlichen oder wirtschaftspolitischen Thema gestellt, das einen direkten oder indirekten Bezug zum Finanzplatz hat. Die im Rahmen des CFS-Index erhobenen Daten k\u00f6nnen an IT- und sonstige Dienstleister mit Sitz in der EU ausschlie\u00dflich im Rahmen der Einladung zur Teilnahme sowie Durchf\u00fchrung und Auswertung der Umfrage weitergegeben werden.<\/p>\n<p>Die jeweilige IP-Adresse und die Zeitpunkte der Anmeldung sowie der Best\u00e4tigung speichern wir, um Ihre Anmeldung nachweisen und ggf. einen m\u00f6glichen Missbrauch Ihrer personenbezogenen Daten aufkl\u00e4ren zu k\u00f6nnen.<\/p>\n<p>Die vorstehenden Daten werden gel\u00f6scht, sobald sie f\u00fcr die Erreichung der vorstehenden Zwecke nicht mehr erforderlich sind. Ihre oben genannten Daten speichern wir daher, solange Sie auf unserer Website angemeldet sind. Sie k\u00f6nnen eine erteilte Einwilligung zur Datenverarbeitung jederzeit mit Wirkung f\u00fcr die Zukunft widerrufen. Der Widerruf ber\u00fchrt die<\/p>\n<p>bis zum Widerruf erfolgte Rechtm\u00e4\u00dfigkeit der Verarbeitung der personenbezogenen Daten nicht.<\/p>\n<p>Ihre Einwilligung k\u00f6nnen Sie widerrufen, indem Sie sich abmelden. Ihre Daten werden dann innerhalb von vier Wochen gel\u00f6scht. Alternativ k\u00f6nnen Sie uns auch eine E-Mail an <a href=\"mailto:info-cfs@hof.uni-frankfurt.de\">info-cfs@hof.uni-frankfurt.de<\/a> schicken.<\/p>\n<p>Sie haben das Recht auf Beschwerde bei einer Aufsichtsbeh\u00f6rde nach Art. 77 DSGVO. Danach kann sich jede betroffene Person unbeschadet eines anderweitigen verwaltungsrechtlichen oder gerichtlichen Rechtsbehelfs bei einer Aufsichtsbeh\u00f6rde, insbesondere in dem Mitgliedstaat ihres Aufenthaltsorts, ihres Arbeitsplatzes oder des Orts des mutma\u00dflichen Versto\u00dfes beschweren, wenn die betroffene Person der Ansicht ist, dass die Verarbeitung der sie betreffenden personenbezogenen Daten gegen die DSGVO verst\u00f6\u00dft.<\/p>\n<p>F\u00fcr uns ist folgende Datenschutz-Aufsichtsbeh\u00f6rde zust\u00e4ndig:<\/p>\n<p>Der Hessische Beauftragte f\u00fcr Datenschutz und Informationsfreiheit<br \/>\nPostfach 3163, 65021 Wiesbaden<\/p>\n<p>Tel.: +49 (0) 6131 208-2449<\/p>\n<\/div><\/div><\/div><\/div><\/div><\/p>\n","protected":false},"excerpt":{"rendered":"","protected":false},"author":1,"featured_media":0,"parent":0,"menu_order":0,"comment_status":"closed","ping_status":"closed","template":"100-width.php","meta":{"_acf_changed":false,"inline_featured_image":false,"footnotes":"","_links_to":"","_links_to_target":""},"acf":[],"yoast_head":"<!-- This site is optimized with the Yoast SEO plugin v22.8 - https:\/\/yoast.com\/wordpress\/plugins\/seo\/ -->\n<title>privacy policy - Center for Financial Studies<\/title>\n<meta name=\"robots\" content=\"index, follow, max-snippet:-1, max-image-preview:large, max-video-preview:-1\" \/>\n<link rel=\"canonical\" href=\"https:\/\/gfk-cfs.de\/en\/privacy-policy\/\" \/>\n<meta property=\"og:locale\" content=\"en_US\" \/>\n<meta property=\"og:type\" content=\"article\" \/>\n<meta property=\"og:title\" content=\"privacy policy - Center for Financial Studies\" \/>\n<meta property=\"og:url\" content=\"https:\/\/gfk-cfs.de\/en\/privacy-policy\/\" \/>\n<meta property=\"og:site_name\" content=\"Center for Financial Studies\" \/>\n<meta property=\"article:modified_time\" content=\"2025-02-12T22:52:44+00:00\" \/>\n<meta name=\"twitter:card\" content=\"summary_large_image\" \/>\n<meta name=\"twitter:label1\" content=\"Est. reading time\" \/>\n\t<meta name=\"twitter:data1\" content=\"4 minutes\" \/>\n<script type=\"application\/ld+json\" class=\"yoast-schema-graph\">{\"@context\":\"https:\/\/schema.org\",\"@graph\":[{\"@type\":\"WebPage\",\"@id\":\"https:\/\/gfk-cfs.de\/en\/privacy-policy\/\",\"url\":\"https:\/\/gfk-cfs.de\/en\/privacy-policy\/\",\"name\":\"privacy policy - Center for Financial Studies\",\"isPartOf\":{\"@id\":\"https:\/\/gfk-cfs.de\/en\/#website\"},\"datePublished\":\"2022-01-21T08:23:56+00:00\",\"dateModified\":\"2025-02-12T22:52:44+00:00\",\"breadcrumb\":{\"@id\":\"https:\/\/gfk-cfs.de\/en\/privacy-policy\/#breadcrumb\"},\"inLanguage\":\"en-US\",\"potentialAction\":[{\"@type\":\"ReadAction\",\"target\":[\"https:\/\/gfk-cfs.de\/en\/privacy-policy\/\"]}]},{\"@type\":\"BreadcrumbList\",\"@id\":\"https:\/\/gfk-cfs.de\/en\/privacy-policy\/#breadcrumb\",\"itemListElement\":[{\"@type\":\"ListItem\",\"position\":1,\"name\":\"Startseite\",\"item\":\"https:\/\/gfk-cfs.de\/en\/\"},{\"@type\":\"ListItem\",\"position\":2,\"name\":\"privacy policy\"}]},{\"@type\":\"WebSite\",\"@id\":\"https:\/\/gfk-cfs.de\/en\/#website\",\"url\":\"https:\/\/gfk-cfs.de\/en\/\",\"name\":\"Center for Financial Studies\",\"description\":\"unabh\u00e4ngige Forschung in wichtigen Bereichen der Finanzen\",\"potentialAction\":[{\"@type\":\"SearchAction\",\"target\":{\"@type\":\"EntryPoint\",\"urlTemplate\":\"https:\/\/gfk-cfs.de\/en\/?s={search_term_string}\"},\"query-input\":\"required name=search_term_string\"}],\"inLanguage\":\"en-US\"}]}<\/script>\n<!-- \/ Yoast SEO plugin. -->","yoast_head_json":{"title":"privacy policy - Center for Financial Studies","robots":{"index":"index","follow":"follow","max-snippet":"max-snippet:-1","max-image-preview":"max-image-preview:large","max-video-preview":"max-video-preview:-1"},"canonical":"https:\/\/gfk-cfs.de\/en\/privacy-policy\/","og_locale":"en_US","og_type":"article","og_title":"privacy policy - Center for Financial Studies","og_url":"https:\/\/gfk-cfs.de\/en\/privacy-policy\/","og_site_name":"Center for Financial Studies","article_modified_time":"2025-02-12T22:52:44+00:00","twitter_card":"summary_large_image","twitter_misc":{"Est. reading time":"4 minutes"},"schema":{"@context":"https:\/\/schema.org","@graph":[{"@type":"WebPage","@id":"https:\/\/gfk-cfs.de\/en\/privacy-policy\/","url":"https:\/\/gfk-cfs.de\/en\/privacy-policy\/","name":"privacy policy - Center for Financial Studies","isPartOf":{"@id":"https:\/\/gfk-cfs.de\/en\/#website"},"datePublished":"2022-01-21T08:23:56+00:00","dateModified":"2025-02-12T22:52:44+00:00","breadcrumb":{"@id":"https:\/\/gfk-cfs.de\/en\/privacy-policy\/#breadcrumb"},"inLanguage":"en-US","potentialAction":[{"@type":"ReadAction","target":["https:\/\/gfk-cfs.de\/en\/privacy-policy\/"]}]},{"@type":"BreadcrumbList","@id":"https:\/\/gfk-cfs.de\/en\/privacy-policy\/#breadcrumb","itemListElement":[{"@type":"ListItem","position":1,"name":"Startseite","item":"https:\/\/gfk-cfs.de\/en\/"},{"@type":"ListItem","position":2,"name":"privacy policy"}]},{"@type":"WebSite","@id":"https:\/\/gfk-cfs.de\/en\/#website","url":"https:\/\/gfk-cfs.de\/en\/","name":"Center for Financial Studies","description":"unabh\u00e4ngige Forschung in wichtigen Bereichen der Finanzen","potentialAction":[{"@type":"SearchAction","target":{"@type":"EntryPoint","urlTemplate":"https:\/\/gfk-cfs.de\/en\/?s={search_term_string}"},"query-input":"required name=search_term_string"}],"inLanguage":"en-US"}]}},"_links":{"self":[{"href":"https:\/\/gfk-cfs.de\/en\/wp-json\/wp\/v2\/pages\/2180"}],"collection":[{"href":"https:\/\/gfk-cfs.de\/en\/wp-json\/wp\/v2\/pages"}],"about":[{"href":"https:\/\/gfk-cfs.de\/en\/wp-json\/wp\/v2\/types\/page"}],"author":[{"embeddable":true,"href":"https:\/\/gfk-cfs.de\/en\/wp-json\/wp\/v2\/users\/1"}],"replies":[{"embeddable":true,"href":"https:\/\/gfk-cfs.de\/en\/wp-json\/wp\/v2\/comments?post=2180"}],"version-history":[{"count":3,"href":"https:\/\/gfk-cfs.de\/en\/wp-json\/wp\/v2\/pages\/2180\/revisions"}],"predecessor-version":[{"id":12178,"href":"https:\/\/gfk-cfs.de\/en\/wp-json\/wp\/v2\/pages\/2180\/revisions\/12178"}],"wp:attachment":[{"href":"https:\/\/gfk-cfs.de\/en\/wp-json\/wp\/v2\/media?parent=2180"}],"curies":[{"name":"wp","href":"https:\/\/api.w.org\/{rel}","templated":true}]}}